{"id":2,"date":"2018-05-03T17:33:10","date_gmt":"2018-05-03T17:33:10","guid":{"rendered":"http:\/\/mario.sk4.si\/?page_id=2"},"modified":"2020-03-02T10:29:53","modified_gmt":"2020-03-02T10:29:53","slug":"biography","status":"publish","type":"page","link":"https:\/\/mario.sk4.si\/sl\/biography\/","title":{"rendered":"\u017divljenjepis"},"content":{"rendered":"<p><strong><u>Mario Kurtjak\u00a0<\/u><\/strong>je akademski kitarist, profesor kitare, skladatelj, univerzitetni diplomirani kemik in doktor znanosti. Leta 2018 je odliko zaklju\u010dil podiplomski \u0161tudij na sloviti Royal Academy of Music v Londonu, kjer je \u0161tudiral kitaro pri prof. Michaelu Lewinu, Davidu Russellu in Fabiu Zanonu in kompozicijo pri prof. Davidu Gortonu. Pred tem se je glasbeno izobrazil v Sloveniji, pri prof. Evi Hren na Glasbeni \u0161oli Logatec, prof. Igorju Sajetu na Srednji glasbeni in baletni \u0161oli Ljubljana in prof. Andreju Grafenauerju na Akademiji za glasbo v Ljubljani. Na Akademijo za glasbo je bil sprejet kot izjemni talent pri 16 letih in diplomiral leta 2010 z odli\u010dno oceno in <em>posebno pohvalo (summa cum laude). <\/em>Med \u0161tudijem je na dr\u017eavnih in mednarodnih mladinskih tekmovanjih osvojil ve\u010d prvih nagrad, poleg tega je za uspe\u0161no glasbeno delovanje prejel nagrado Antonia Tarsie (2005), februarsko priznanje ob\u010dine Logatec za izjemne dose\u017eke na podro\u010dju kulture (2009), \u0160kerjan\u010devo (2007) in Pre\u0161ernovo nagrado (2008, v Triu IreNeMa) ter nagrado fondacije Blyth Watson (2017). Tekmuje tudi na profesionalnih kitarskih tekmovanjih in lani je osvojil 2. nagrado (1. nagrada ni bila podeljena) in nagrado ob\u010dinstva na presti\u017enem 16. mednarodnem kitarskem tekmovanju \"Miquel Llobet\" v Barceloni. Udele\u017eil se je tudi mnogih mojstrskih te\u010dajev pri priznanih kitaristih, kot so Marcin Dylla, Leo Brouwer, Hubert K\u00e4ppel, Zoran Duki\u0107 in Aniello Desiderio. Kot profesor kitare pa tudi sam prena\u0161a svoje glasbeno znanje mladim kitaristom in od februarja 2019 deluje tudi kot predsednik Dru\u0161tva slovenskih u\u010diteljev kitare (EGTA Slovenija).<\/p>\n<p>Mariev koncertni repertoar zajema vsa obdobja in stile, med njimi tudi njegove lastne skladbe in ve\u010d kot 15 premier novih del. Leta 2017 je napisal svojo prvo sonato za kitaro, ki jo je krstno izvedel Erazem Izidor Grafenauer oktobra istega leta v Berlinu. Februarja 2019 je ob podpori Veleposlani\u0161tva in Ministrstva za kulturo RS bival in ustvarjal v umetni\u0161ki rezidenci v Londonu, kjer je na koncertih krstno izvedel zanj napisano skladbo Kitarska rapsodija (Guitar Rhapsody) za solo kitaro brazilskega skladatelja Bernarda Sim\u00f5esa ter predstavil tudi dela slovenskih skladateljev in lastne skladbe. Na naslednjih koncertih je izvedel \u0161e 4 lani napisane skladbe, med katerimi sta bili deli skladateljev Bernarda Sim\u00f5esa in Miroslava Lon\u010darja (Hrva\u0161ka\/ZDA) krstno izvedeni.<u><\/u><\/p>\n<p>Mario ves \u010das zelo aktivno sodeluje tudi v razli\u010dnih komornih skupinah, od katerih velja izpostaviti Trio IreNeMa (s flavtistko Ireno Rovtar in violinistko Ne\u017eo Piry), <span lang=\"SL\">Slovenski kitarski kvartet (z Erazmom Grafenauerjem, Simonom Krajn\u010danom in Aljo\u0161o Vr\u0161\u010dajem) in Solent Duo (s kolumbijsko sopranistko Melizo Metzger).<\/span><\/p>\n<p>Trio IreNeMa je poleg \u0161tevilnih koncertov v Sloveniji, Italiji in Nem\u010diji, na katerih je ve\u010dkrat tudi krstno izvedel dela slovenskih skladateljev, snemal tudi za arhiv Radia Slovenija in nem\u0161kega radia SWR2. Slovenski kitarski kvartet tudi zelo uspe\u0161no promovira slovensko glasbo s premierami originalnih skladb in priredb del slovenskih skladateljev na najpomembnej\u0161ih koncertnih odrih in festivalih pri nas in v tujini. Leta 2014 so v polni Gallusovi dvorani Cankarjevega doma v sodelovanju s Simfoni\u010dnim orkestrom Cantabile kot prvi v Sloveniji izvedli Rodrigov Concierto Andaluz. Posneli so tudi skladbo \u00bbFantasy Journey\u00ab za avtorsko zgo\u0161\u010denko hrva\u0161kega skladatelja Miroslava Lon\u010darja. Ve\u010d informacij o Slovenskem kitarskem kvartetu je na spletni strani <a href=\"http:\/\/sk4.si\/\">http:\/\/sk4.si\/<\/a>ali <a href=\"https:\/\/www.facebook.com\/slovenianguitarquartet\/\">https:\/\/www.facebook.com\/slovenianguitarquartet\/<\/a><\/p>\n<p>Solent Duo je nastal na Kraljevi akademiji za glasbo v Londonu leta 2016 in se osredoto\u010da na neraziskan repertoar za koloraturni sopran in kitaro, bodisi z o\u017eivljanjem pozabljenih originalov ali z ustvarjanjem novih priredb. Jeseni 2018 sta imela dve turneji treh koncertov na teden v Londonu in Kentu, eno s tematiko ljubezni v raznolikosti \u010dustev in drugo s priredbami opernih arij in samospevov. Lani sta nastopila na Festivalu Lent v Mariboru in Festivalu Arsana na Ptuju. Ve\u010d o Solent Duu je <a href=\"https:\/\/www.facebook.com\/solentduomusic\/\">tukaj.<\/a><\/p>\n<p>\u201c Kljub svoji mladosti velja za izjemnega interpreta kitarske glasbe z izrazitim smislom za muzikalnost in obvladovanje kitarske tehnike.\u201d (Loga\u0161ke novice)<\/p>\n<p>\u201cNa nastopu je pokazal veliko tehni\u010dno znanje in izostren odnos do tona. \u0160e zlasti velja izpostaviti odli\u010dno tonsko niansiranje v nizkih dinami\u010dnih stopnjah.\u201d (Borut Smrekar, Glasna)<\/p>","protected":false},"excerpt":{"rendered":"<p>Mario Kurtjak\u00a0is a Slovenian guitarist, professor of guitar, composer and scientist with a Master\u2019s degree in Chemistry and a PhD in Nanosciences and Nanotechnologies. In 2018 he obtained a Master of Arts degree with distinction from the Royal Academy of Music in London, where he studied with prof. Michael Lewin, David Russell and Fabio Zanon &hellip; <\/p>\n<p class=\"link-more\"><a href=\"https:\/\/mario.sk4.si\/sl\/biography\/\" class=\"more-link\">Preberi ve\u010d<span class=\"screen-reader-text\"> &#8220;Biography&#8221;<\/span><\/a><\/p>","protected":false},"author":1,"featured_media":55,"parent":0,"menu_order":0,"comment_status":"closed","ping_status":"open","template":"","meta":{"footnotes":""},"class_list":["post-2","page","type-page","status-publish","has-post-thumbnail","hentry"],"_links":{"self":[{"href":"https:\/\/mario.sk4.si\/sl\/wp-json\/wp\/v2\/pages\/2","targetHints":{"allow":["GET"]}}],"collection":[{"href":"https:\/\/mario.sk4.si\/sl\/wp-json\/wp\/v2\/pages"}],"about":[{"href":"https:\/\/mario.sk4.si\/sl\/wp-json\/wp\/v2\/types\/page"}],"author":[{"embeddable":true,"href":"https:\/\/mario.sk4.si\/sl\/wp-json\/wp\/v2\/users\/1"}],"replies":[{"embeddable":true,"href":"https:\/\/mario.sk4.si\/sl\/wp-json\/wp\/v2\/comments?post=2"}],"version-history":[{"count":11,"href":"https:\/\/mario.sk4.si\/sl\/wp-json\/wp\/v2\/pages\/2\/revisions"}],"predecessor-version":[{"id":381,"href":"https:\/\/mario.sk4.si\/sl\/wp-json\/wp\/v2\/pages\/2\/revisions\/381"}],"wp:featuredmedia":[{"embeddable":true,"href":"https:\/\/mario.sk4.si\/sl\/wp-json\/wp\/v2\/media\/55"}],"wp:attachment":[{"href":"https:\/\/mario.sk4.si\/sl\/wp-json\/wp\/v2\/media?parent=2"}],"curies":[{"name":"wp","href":"https:\/\/api.w.org\/{rel}","templated":true}]}}