{"id":227,"date":"2018-10-20T08:15:41","date_gmt":"2018-10-20T08:15:41","guid":{"rendered":"http:\/\/mario.sk4.si\/?page_id=227"},"modified":"2025-08-23T09:49:53","modified_gmt":"2025-08-23T09:49:53","slug":"repertoire-solo","status":"publish","type":"page","link":"https:\/\/mario.sk4.si\/sl\/repertoire-solo\/","title":{"rendered":"Solo"},"content":{"rendered":"<p><b>SOLO REPERTOAR (IZVEDEN NA KONCERTIH)<\/b><\/p>\n<p><b>J. Gallus (1550-1591):<\/b><\/p>\n<p>Obsecro Domine (arr. M. Kurtjak)<\/p>\n<p>Nemo placet stultis (arr. M. Kurtjak) <a href=\"https:\/\/youtu.be\/Bezk3lHnocc\">\ud83c\udfac<\/a><\/p>\n<p><b>J. Dowland (1563-1626):<\/b><\/p>\n<p>Lachrimae Pavan<\/p>\n<p><b>D. Buxtehude (1637-1707): <\/b><\/p>\n<p>Suita v e molu<\/p>\n<p><b>G. Sanz (1640-1710):<\/b><\/p>\n<p>Suite Espa\u00f1ola: Rujero y Paradetas, Mi\u00f1ona de Catalu\u00f1a, Canarios<\/p>\n<p><b>J. S. Bach (1685-1750):<\/b><\/p>\n<p>Suita za lutnjo BWV 996<\/p>\n<p>Suita za lutnjo BWV 997<\/p>\n<p>Violinska sonata BWV 1001<\/p>\n<p>Violinska Partita BWV 1004<\/p>\n<p>Suita za lutnjo BWV 1006a<\/p>\n<p>Suita za violon\u010delo BWV 1007<\/p>\n<p><b>J. P. Rameau (1683-1764):<\/b><\/p>\n<p>Le Rappel des Oiseaux<\/p>\n<p><b>S. L. Weiss (1687-1750):<\/b><\/p>\n<p>Sonata za lutnjo v d-molu (iz Manoscritto do Dresda \u0161t. 5, transponiran v e-mol)<\/p>\n<p><b>M. Albeniz (1755-1831):<\/b><\/p>\n<p>Klavirska sonata v D-duru<\/p>\n<p><b>F. Carulli (1770-1841):<\/b><\/p>\n<p>Capriccio v C-duru, op. 36<\/p>\n<p><b>F. Molino (1775-1847):<\/b><\/p>\n<p>Fantazija v D-duru<\/p>\n<p><b>F. Sor (1778-1839):<\/b><\/p>\n<p>Etude op. 6<\/p>\n<p>Fantaisie no. 2, op. 7<\/p>\n<p>Variacije na Mozartovo temo, op. 9<\/p>\n<p>Grand Solo, op. 14<\/p>\n<p>Les Folies d&#8217;Espagne, op. 15 (a)<\/p>\n<p>Grand Sonata op. 25<\/p>\n<p>Etude op. 29<\/p>\n<p><b>M. Giuliani (1781-1829):<\/b><\/p>\n<p>Sonata Eroica, op. 150<\/p>\n<p>Rossiniana \u0161t. 1, op. 119\u00a0<a href=\"https:\/\/www.youtube.com\/watch?v=cbeUc5s6dU0\">\ud83c\udfac<\/a><\/p>\n<p><b>D. Aguado (1784-1849):<\/b><\/p>\n<p>Andante in Rondo op. 2 \u0161t. 2\u00a0<a href=\"https:\/\/youtu.be\/Bezk3lHnocc?t=110\">\ud83c\udfac<\/a><\/p>\n<p><b>L. Legnani (1790-1877):<\/b><\/p>\n<p>Capricci \u0161t. 7, 21 iz op. 20 <a href=\"https:\/\/youtu.be\/1_VteCuQIKA?t=286\">\ud83c\udfac<\/a><\/p>\n<p><b>J. Broca (1805-1882):<\/b><\/p>\n<p>Fantasia (Tema con variationes)<\/p>\n<p><b>N. Coste (1805-1883):<\/b><\/p>\n<p>Andante et Polonaise (Souvenir du Jura), op. 44<\/p>\n<p><b>J. K. Mertz (1806-1856):<\/b><\/p>\n<p>Bardenkl\u00e4nge, op. 13: Romanze: Andante<\/p>\n<p>Caprice sur un th\u00e8me favori de C. M. de Weber, op. 50<\/p>\n<p><b>G. Regondi (1822-1872):<\/b><\/p>\n<p>Reverie (Nocturne), op. 19<a href=\"https:\/\/www.youtube.com\/watch?v=_FGNcrQ0eTc\"> \ud83c\udfac<\/a><\/p>\n<p><b>J. Arcas (1832-1882):<\/b><\/p>\n<p>Fantasia on themes from &#8220;La Traviata&#8221;<\/p>\n<p><b>F. T\u00e1rrega (1852-1909):<\/b><\/p>\n<p>Preludes no. 2, 3 and 5\u00a0<a href=\"https:\/\/www.youtube.com\/watch?v=sh83djLuhLc\">\ud83c\udfac<\/a><\/p>\n<p>Maria (Gavote)<\/p>\n<p>Oremus (arrangement of part of R. Schumann: Phantasietanz, Op. 124, no. 5)<\/p>\n<p>Rosita (Polka)<\/p>\n<p>Alborada (Capricho)<\/p>\n<p>Adelita<\/p>\n<p>Lagrima<\/p>\n<p>Sueno! (tremolo)<\/p>\n<p>Gran Vals<\/p>\n<p>Vals \u201cLas dos hermanitas\u201d<\/p>\n<p>Capricho Arabe<\/p>\n<p>Recuerdos de la Alhambra\u00a0<a href=\"https:\/\/www.youtube.com\/watch?v=oEN2UAVVw2s\">\ud83c\udfac<\/a><\/p>\n<p>Gran Jota de Concierto<\/p>\n<p><b>I. Albeniz (1860-1909):<\/b><\/p>\n<p>Asturias<\/p>\n<p><b>J. Malats (1872-1912):<\/b><\/p>\n<p>Serenata Espa\u00f1ola<\/p>\n<p><b>A. Barrios-Mangore (1885-1944):<\/b><\/p>\n<p>La Catedral<\/p>\n<p>Mazurka Apasionada <a href=\"https:\/\/youtu.be\/1_VteCuQIKA\">\ud83c\udfac<\/a><\/p>\n<p>Pais de Abanico<\/p>\n<p>Medallon Antiguo<\/p>\n<p>Vals no. 4, op. 8<\/p>\n<p>Una Limosna por el Amor de Dios (El Ultimo tremolo)<\/p>\n<p>Un sue\u00f1o en la Floresta<\/p>\n<p>Las Abejas<\/p>\n<p>Julia Florida<\/p>\n<p><b>E. Pujol (1886-1980):<\/b><\/p>\n<p>El Abejorro<\/p>\n<p><b>J. Sagreras (1879-1942):<\/b><\/p>\n<p>El Colibri<\/p>\n<p><b>E. Sainz de la Maza (1903-1982):<\/b><\/p>\n<p>Campanas del alba<\/p>\n<p><b>R. Gerhard (1896-1970):<\/b><\/p>\n<p>Fantasia<\/p>\n<p><b>M. de Falla (1876-1946):<\/b><\/p>\n<p>Homenaje (Tombeau de Claude Debussy)<\/p>\n<p><b>M. M. Ponce (1882-1948):<\/b><\/p>\n<p>Sonata III<\/p>\n<p>Sonata romantica <a href=\"https:\/\/www.youtube.com\/watch?v=1DxeAwTxFZk\">\ud83c\udfac<\/a>\u00a0<a href=\"https:\/\/www.youtube.com\/watch?v=FjqaW3b2WfA\">\ud83c\udfac<\/a><\/p>\n<p><b>J. Rodrigo (1901-1999):<\/b><\/p>\n<p>En los Trigales <a href=\"https:\/\/www.youtube.com\/watch?v=F-1xtl5y-XM\">\ud83c\udfac<\/a><\/p>\n<p>Tres Piezas Espa\u00f1olas<\/p>\n<p><b>H. Villa-Lobos (1887-1959):<\/b><\/p>\n<p>Preludiji \u0161t. 1, 3, 4<\/p>\n<p>Etude \u0161t. 1, 2, 7, 11<\/p>\n<p><b>F. Moreno-Torroba (1891-1982):<\/b><\/p>\n<p>Sonatina<\/p>\n<p>Suite Castellana<\/p>\n<p>Madro\u00f1os<\/p>\n<p><b>J. Turina (1882-1949):<\/b><\/p>\n<p>Sonata, op. 61<\/p>\n<p><b>M. Arnold (1921-2006):<\/b><\/p>\n<p>Fantasy for Guitar op. 107<\/p>\n<p><b>A. Jos\u00e9 (1902-1936):<\/b><\/p>\n<p>Sonata<\/p>\n<p><b>A. Lajovic (1878-1960):<\/b><\/p>\n<p>Lan (arr. M. Kurtjak)<\/p>\n<p><b>F. Martin (1890-1974):<\/b><\/p>\n<p>Quatre Pieces Breves<span class=\"Apple-converted-space\"> <a href=\"https:\/\/youtu.be\/1_VteCuQIKA?t=386\">\ud83c\udfac<\/a><\/span><\/p>\n<p><b>W. Walton (1902-1983):<\/b><\/p>\n<p>Five Bagatelles<\/p>\n<p><b>A. Lauro (1917-1986):<\/b><\/p>\n<p>Valses Venezolanos no. 2, 3<\/p>\n<p>Seis por Derecho-Joropo al estilo del arpa venezolana<\/p>\n<p>Suite Venezolana<\/p>\n<p><b>A. Ruiz-Pipo (1934-1997):<\/b><\/p>\n<p>Cancion y Danza no. 1<\/p>\n<p><b>S. Prek (1915-1999):<\/b><\/p>\n<p>Nocturno<\/p>\n<p><b>S. Fumi\u0107 (1912-1945):<\/b><\/p>\n<p>Nocturno<\/p>\n<p><b>V. Ukmar (1905-1991):<\/b><\/p>\n<p>5 Bagatelles<\/p>\n<p><b>G. Facchinetti (1936-):<\/b><\/p>\n<p>Three short pieces for guitar (Preludio, Notturno, Pezzo anche troppo breve)<\/p>\n<p><b>L. Brouwer (1939-):<\/b><\/p>\n<p>Tarantos<\/p>\n<p>Un d\u00eda de Noviembre<\/p>\n<p>Estudios sencillos<\/p>\n<p><b>C. Domeniconi (1947-):<\/b><\/p>\n<p>Koyunbaba (Suite op. 19)<\/p>\n<p><b>R. Dyens (1955-1916):<\/b><\/p>\n<p>Libra Sonatine<\/p>\n<p>Saudade no. 3<\/p>\n<p>Tango en Skai<\/p>\n<p><b>J. <\/b><b>E\u00f6tv\u00f6s<\/b><b> (1962-):<\/b><\/p>\n<p>Willow Variations on the Polish Folksong &#8220;Wierzba&#8221;, op. 5<\/p>\n<p><b>N. Koshkin (1956-):<\/b><\/p>\n<p>The Paper Dragon<\/p>\n<p><b>\u0160. Rak (1945-):<\/b><\/p>\n<p>Taniec Mauretanski<\/p>\n<p>Sonata Mongoliana<\/p>\n<p><b>J. M. Lopez Lopez (1956-):<\/b><\/p>\n<p>Impresiones y Paisajes<\/p>\n<p><b>D. del Puerto (1964-):<\/b><\/p>\n<p>Fantasia y Rondo<\/p>\n<p><b>E. Calandin (1958-):<\/b><\/p>\n<p>Tres cuentos para Alhambra<\/p>\n<p><b>M. Kurtjak (1989-):<\/b><\/p>\n<p>Kra\u0161ka reka (The River of the Karst)*<\/p>\n<p>Variacije na slovensko ljudsko pesem*<\/p>\n<p>Sonata for guitar no. 1<\/p>\n<p><b>R. Laidlow (1994-):<\/b><\/p>\n<p>Red*<\/p>\n<p><strong>B. Sim\u00f5es (1984-):<\/strong><\/p>\n<p>Guitar Rhapsody* <a href=\"https:\/\/youtu.be\/LJrj8CNXo1c\">\ud83c\udfac<\/a><\/p>\n<p><b>A. M. Santos (1984-):<\/b><\/p>\n<p>Whispering voices<span class=\"Apple-converted-space\">\u00a0<\/span><\/p>\n<p><b>B. \u0160alji\u0107-Pode\u0161va (1978-):<\/b><\/p>\n<p>Avtron<\/p>\n<p><b>\u017d. \u017divkovi\u0107 (1953-):<\/b><\/p>\n<p>Allegro*<\/p>\n<p>Elino kolo*<\/p>\n<p><b>CONCERTOS WITH ORCHESTRA<\/b><\/p>\n<p>&#8211; A. Vivaldi: Mandoline Concerto in C major, RV 425<\/p>\n<p>&#8211; M. Giuliani: Concerto no. 1, op. 30<\/p>\n<p>&#8211; J. Rodrigo: Concierto de Aranjuez<\/p>\n<p>&#8211; J. Rodrigo: Fantasia para un Gentilhombre<\/p>\n<p>&#8211; M. Castelnuovo-Tedesco: Concerto in D, op. 99<\/p>\n<p>* skladba je bila napisana zame ali mojo komorno skupino in jaz sem jo krstno izvedel kot solist ali kot \u010dlan komorne skupine<\/p>\n<p>** prvi profesionalni posnetek te skladbe je naredila ta komorna skupina, v kateri sem igral tudi jaz<\/p>","protected":false},"excerpt":{"rendered":"<p>SOLO REPERTOIRE (PLAYED IN CONCERTS) J. Gallus (1550-1591): Obsecro Domine (arr. M. Kurtjak) Nemo placet stultis (arr. M. Kurtjak) \ud83c\udfac J. Dowland (1563-1626): Lachrimae Pavan D. Buxtehude (1637-1707): Suite in e minor G. Sanz (1640-1710): Suite Espa\u00f1ola: Rujero y Paradetas, Mi\u00f1ona de Catalu\u00f1a, Canarios J. S. Bach (1685-1750): Lute Suite BWV 996 Lute Suite BWV &hellip; <\/p>\n<p class=\"link-more\"><a href=\"https:\/\/mario.sk4.si\/sl\/repertoire-solo\/\" class=\"more-link\">Preberi ve\u010d<span class=\"screen-reader-text\"> &#8220;Solo&#8221;<\/span><\/a><\/p>","protected":false},"author":1,"featured_media":0,"parent":0,"menu_order":0,"comment_status":"closed","ping_status":"closed","template":"","meta":{"footnotes":""},"class_list":["post-227","page","type-page","status-publish","hentry"],"_links":{"self":[{"href":"https:\/\/mario.sk4.si\/sl\/wp-json\/wp\/v2\/pages\/227","targetHints":{"allow":["GET"]}}],"collection":[{"href":"https:\/\/mario.sk4.si\/sl\/wp-json\/wp\/v2\/pages"}],"about":[{"href":"https:\/\/mario.sk4.si\/sl\/wp-json\/wp\/v2\/types\/page"}],"author":[{"embeddable":true,"href":"https:\/\/mario.sk4.si\/sl\/wp-json\/wp\/v2\/users\/1"}],"replies":[{"embeddable":true,"href":"https:\/\/mario.sk4.si\/sl\/wp-json\/wp\/v2\/comments?post=227"}],"version-history":[{"count":14,"href":"https:\/\/mario.sk4.si\/sl\/wp-json\/wp\/v2\/pages\/227\/revisions"}],"predecessor-version":[{"id":443,"href":"https:\/\/mario.sk4.si\/sl\/wp-json\/wp\/v2\/pages\/227\/revisions\/443"}],"wp:attachment":[{"href":"https:\/\/mario.sk4.si\/sl\/wp-json\/wp\/v2\/media?parent=227"}],"curies":[{"name":"wp","href":"https:\/\/api.w.org\/{rel}","templated":true}]}}